{"id":4522,"date":"2020-11-26T14:34:23","date_gmt":"2020-11-26T14:34:23","guid":{"rendered":"https:\/\/energeticoach.com\/info\/?page_id=4522"},"modified":"2021-01-07T17:21:54","modified_gmt":"2021-01-07T17:21:54","slug":"divinepoweractivation","status":"publish","type":"page","link":"https:\/\/energeticoach.com\/info\/divinepoweractivation\/","title":{"rendered":"Divine Power Activation TT"},"content":{"rendered":"<h1 style=\"text-align: center;\">Ti piacerebbe aumentare il tuo potere personale, la tua energia vitale ed acquisire una profonda fiducia in te stesso?<\/h1>\n<p><span><img decoding=\"async\" alt=\"\" width=\"980\" data-init-width=\"980\" height=\"380\" data-init-height=\"380\" loading=\"lazy\" src=\"https:\/\/energeticoach.com\/info\/wp-content\/uploads\/2020\/06\/Banner_DivinePowerActivation.jpg\" data-width=\"980\" data-height=\"380\"><\/span><\/p>\n<p style=\"text-align: center;\">Puoi farlo facilmente attraverso la riconnessione energetica con il Potere Divino che \u00e8 in te.<\/p>\n<p style=\"text-align: center;\">A livello energetico questo <strong>accade immediatamente<\/strong> se lo permettiamo perch\u00e9 il canale di connessione ossia la vibrazione \u00e8 disponibile attraverso l\u2019energia del Punto Zero.&nbsp;<\/p>\n<p style=\"text-align: center;\">Senza nessun rischio, si tratta di percepire la sensazione di <em>Presenza<\/em> di qualcosa pi\u00f9 grande di noi che ci protegge e ci guida in ogni momento.<\/p>\n<p style=\"text-align: center;\">Attivare il Potere Divino Interiore ti permetter\u00e0 di lasciare alle spalle paure, ansie, stress ed incertezze sul futuro.. mentre sostituire tutti questi aspetto con una profonda fiducia in te stesso, percepirai uno stato di forza e speranza.<\/p>\n<p style=\"text-align: center;\">Avrai consapevolezza dell&#8217;esistenza di altre possibilit\u00e0 di creazione del tua realt\u00e0 e saprai restare centrato indipendentemente da cosa accade fuori.<\/p>\n<h1 style=\"text-align: center;\">\u201cDivine Power Activation&#8221;Attiva il Potere Divino<span> <\/span>Interiore<\/h1>\n<p><span><img decoding=\"async\" alt=\"\" width=\"980\" data-init-width=\"900\" height=\"653\" data-init-height=\"600\" loading=\"lazy\" src=\"https:\/\/energeticoach.com\/info\/wp-content\/uploads\/2020\/06\/SC2D35-900px-1.png\" data-width=\"980\" data-height=\"653\"><\/span><\/p>\n<ul>\n<li><span style=\"\">Come raggiungere una profonda fiducia in se stessi<\/span><\/li>\n<li><span style=\"\">Scoprirai come funziona la paura e potrai scegliere consapevolmente di tornare nel tuo centro, nel tuo Potere Personale<\/span><\/li>\n<li><span style=\"\">Sarai capace di esprimere liberamente le tue opinioni con autorevolezza<\/span><\/li>\n<li><span style=\"\">Migliorerai la capacit\u00e0 di autoaffermazione e di disciplina interiore<\/span><\/li>\n<li><span style=\"\">Scoprirai come far diventare la rabbia una preziosa alleata<\/span><\/li>\n<\/ul>\n<p style=\"text-align: center;\">&#8230;e poi&#8230;<\/p>\n<ul>\n<li><span style=\"\">Salvaguarderai la tua digestione evitando che la rabbia si accumuli sullo stomaco<\/span><\/li>\n<li><span style=\"\">Imparerai a riconoscere i doni ed i talenti innati<\/span><\/li>\n<li><span style=\"\">Ti connetterai ed attiverai l&#8217;energia del Servizio<\/span><\/li>\n<li><span style=\"\">E molto altro ancora\u2026<\/span><\/li>\n<\/ul>\n<h1 style=\"text-align: center;\">\u201cDivine Power Activation&#8221;Attiva il Potere Divino Interiore<\/h1>\n<p><span><img decoding=\"async\" alt=\"\" width=\"250\" data-init-width=\"600\" height=\"147\" data-init-height=\"352\" loading=\"lazy\" src=\"https:\/\/energeticoach.com\/info\/wp-content\/uploads\/2020\/06\/SC2D35-Laptop_1.png\" data-width=\"250\" data-height=\"147\" style=\"\"><\/span><\/p>\n<p style=\"\"><strong>Divine Power Activation 1 &#8211; Training<\/strong><\/p>\n<p><em>Dalla paura al Potere Personale con il Coaching Energetico<\/em><\/p>\n<p>E&#8217; un training di 1h e 33 per parlare della paura ed i suoi effetti negativi nella nostra vita. Il suo scopo \u00e8 di far comprendere il funzionamento della paura per poter passare ossia scegliere consapevolmente di ritornare nel proprio centro, nel Potere Personale.<\/p>\n<p><span><img decoding=\"async\" alt=\"\" width=\"220\" data-init-width=\"500\" height=\"220\" data-init-height=\"500\" loading=\"lazy\" src=\"https:\/\/energeticoach.com\/info\/wp-content\/uploads\/2020\/06\/CD001_1-1.png\" data-width=\"220\" data-height=\"220\" style=\"\"><\/span><\/p>\n<p style=\"\"><strong>Divine Power Activation 1 &#8211; Audio<\/strong><\/p>\n<p>Versione audio del Training<\/p>\n<p><span><img decoding=\"async\" alt=\"\" width=\"220\" data-init-width=\"500\" height=\"220\" data-init-height=\"500\" loading=\"lazy\" src=\"https:\/\/energeticoach.com\/info\/wp-content\/uploads\/2020\/06\/CD001_1_REP.png\" data-width=\"220\" data-height=\"220\" style=\"\"><\/span><\/p>\n<p style=\"\">Divine Power Activation 1 &#8211; Riprogrammazione Energetica del Punto Zero\u2122<\/p>\n<p>Riprogrammazione Energetica del Punto Zero per connettersi con l&#8217;energia del Potere Personale, potenziare il 3\u00b0 chakra per raggiungere questi risultati: capacit\u00e0 di autoaffermazione e disciplina interiore, riconoscimento della dignit\u00e0 personale e di quella degli altri esseri viventi, capacit\u00e0 di esprimere liberamente le proprie opinioni con autorevolezza, lasciando liberi gli altri a loro volta di esprimersi, cercando nel consenso la composizione di ogni dissidio. Esercizio di un potere personale individuale volto al rispetto degli altri e dell&#8217;ambiente.<\/p>\n<p><span><img decoding=\"async\" alt=\"\" width=\"250\" data-init-width=\"600\" height=\"147\" data-init-height=\"352\" loading=\"lazy\" src=\"https:\/\/energeticoach.com\/info\/wp-content\/uploads\/2020\/06\/SC2D35-Laptop_2.png\" data-width=\"250\" data-height=\"147\" style=\"\"><\/span><\/p>\n<p style=\"\"><strong>Divine Power Activation 2 &#8211; Training<\/strong><\/p>\n<p><em>Il Potere Positivo della rabbia<\/em><\/p>\n<p>E&#8217; un training di 1h e 30 che parla in profondit\u00e0 della rabbia, di come conoscerla, gestirla ed esprimerla in modo equilibrato.Si parla di come smettere di reprimere la rabbia giudicandola negativa e accettarla e farsela alleata.Inoltre quando la si esprime in modo positivo si evita di depositarla nello stomaco salvaguardando cos\u00ec una buona digestione.<\/p>\n<p><span><img decoding=\"async\" alt=\"\" width=\"220\" data-init-width=\"500\" height=\"220\" data-init-height=\"500\" loading=\"lazy\" src=\"https:\/\/energeticoach.com\/info\/wp-content\/uploads\/2020\/06\/CD001_2-1.png\" data-width=\"220\" data-height=\"220\" style=\"\"><\/span><\/p>\n<p style=\"\"><strong>Divine Power Activation 2 &#8211; Audio<\/strong><\/p>\n<p>Versione audio del Training<\/p>\n<p><span><img decoding=\"async\" alt=\"\" width=\"220\" data-init-width=\"500\" height=\"220\" data-init-height=\"500\" loading=\"lazy\" src=\"https:\/\/energeticoach.com\/info\/wp-content\/uploads\/2020\/06\/CD001_2_REP.png\" data-width=\"220\" data-height=\"220\" style=\"\"><\/span><\/p>\n<p style=\"\">Divine Power Activation 2 &#8211; Riprogrammazione Energetica del Punto Zero\u2122<\/p>\n<p>Questa Riprogrammazione del Punto Zero ti aiuta a dissolvere energeticamente, per chi lo permette, la rabbia in eccesso, lasciandola andare con vari esercizi.Inoltre aiuta anche alla connessione con l&#8217;accettazione della rabbia per farsela alleata.<\/p>\n<p><span><img decoding=\"async\" alt=\"\" width=\"250\" data-init-width=\"600\" height=\"147\" data-init-height=\"352\" loading=\"lazy\" src=\"https:\/\/energeticoach.com\/info\/wp-content\/uploads\/2020\/06\/SC2D35-Laptop_3.png\" data-width=\"250\" data-height=\"147\" style=\"\"><\/span><\/p>\n<p style=\"\"><strong>Divine Power Activation 3 &#8211; Training<\/strong><\/p>\n<p><em>Dall&#8217;egocentro al Servizio con il Coaching Energetico<\/em><\/p>\n<p>Training di 51 minuti \u00e8 stato realizzato il 20:6:2020 nell&#8217;occasione del Portale 20:20, dell&#8217;eclissi solare anullare, Luna Nuova e solstizio d&#8217;estate, una congiunzione astrale molto particolare che denota l&#8217;unione tra il Sole e la Luna, ad un livello simbolico l&#8217;unione tra Maschile e Femminile a livello energetico-universale.<\/p>\n<p>Inoltre contiene degli esercizi pratici per riconoscere i doni e talenti che sono al nostro interno da offrire al mondo per poter passare dall\u2019egocentro al Servizio dell\u2019Umanit\u00e0, ossia fare del bene agli altri.<\/p>\n<p><span><img decoding=\"async\" alt=\"\" width=\"220\" data-init-width=\"500\" height=\"220\" data-init-height=\"500\" loading=\"lazy\" src=\"https:\/\/energeticoach.com\/info\/wp-content\/uploads\/2020\/06\/CD001_3-1.png\" data-width=\"220\" data-height=\"220\" style=\"\"><\/span><\/p>\n<p style=\"\"><strong>Divine Power Activation 3 &#8211; Audio<\/strong><\/p>\n<p>Versione audio del Training<\/p>\n<p><span><img decoding=\"async\" alt=\"\" width=\"220\" data-init-width=\"500\" height=\"220\" data-init-height=\"500\" loading=\"lazy\" src=\"https:\/\/energeticoach.com\/info\/wp-content\/uploads\/2020\/06\/CD001_3_REP.png\" data-width=\"220\" data-height=\"220\" style=\"\"><\/span><\/p>\n<p style=\"\">Divine Power Activation 3 &#8211; Riprogrammazione Energetica del Punto Zero\u2122<\/p>\n<p>Riprogrammazione Energetica del Punto Zero che connette e attiva l\u2019energia del Servizio in noi per sviluppare la capacit\u00e0 di donarsi al mondo.<\/p>\n<h1 style=\"text-align: center;\">\u201cDivine Power Activation&#8221;Attiva il Potere Divino Interiore<\/h1>\n<h1 style=\"text-align: center;\">Prezzo:&nbsp;<span style=\"text-decoration: line-through;\">19 \u20ac<\/span>Adesso a <span style=\"color: rgb(184, 15, 15);\">solo 9 \u20ac<\/span><\/h1>\n<h1 style=\"text-align: center;\">Vuoi riceverlo gratis?<\/h1>\n\n<div class=\"text-center \">\n\n\t<h4>Al raggiungimento del 100% avrai accesso all&#039;Omaggio<\/h4>\n\n\t<p>Controlla i tuoi progressi visitando questa pagina.<\/p>\n\n\t<h6>\n\t\tSei a 0%\t<\/h6>\n\n\t<progress class=\"viralip-campaign-progress\" value=\"0\" max=\"100\">\n\t\tControlla i tuoi progressi visitando questa pagina.\t<\/progress>\n\n\t<p>\n\t\tCondividi su Facebook e altri Social Network e diffondi il tuo Link personale - generato dal software qui in basso - per inviare traffico alla pagina e raggiungere il 100% per ritirare il tuo Omaggio.\t<\/p>\n\n\t<p>\n\t\tQuando cliccano sul tuo link generato qui in basso 9 persone, si sblocca l&#039;Omaggio.\t<\/p>\n\t<p>\n\t\tIMPORTANTE: Ricorda di inviare solo email in modo etico e rispettoso della privacy!\t<\/p>\n\n\t<p>\n\t\tEcco il tuo Link personale generato dal software\n(da copiare e diffondere):\t\t<\/p>\n\n\t<div>\n\t\t<input id=\"viralip-box\" class=\"viralip-input-campaing-url\" type=\"text\"\n\t\t\t   readonly value=\"https:\/\/energeticoach.com\/info\/divinepoweractivation\/?viralip_ref=376707e1a98d25a9ec57a7029b00b72e\" \/>\n\t\t<button class=\"fa fa-clipboard viralip-clipboard viralip-button-campaing-url\"data-clipboard-target=\"#viralip-box\" aria-hidden=\"true\" title=\"Copia negli appunti\"><\/button>\t<\/div>\n\n\t<br \/>\n\n\t<small>\n\t\tPer controllare i tuoi progressi, devi utilizzare lo stesso browser\t<\/small>\n\t\t<\/div>\n\n<p><span><img decoding=\"async\" alt=\"\" width=\"313\" data-init-width=\"1000\" height=\"324\" data-init-height=\"1036\" loading=\"lazy\" src=\"https:\/\/energeticoach.com\/info\/wp-content\/uploads\/2020\/06\/AnaMaria11-2.jpg\" data-width=\"313\" data-height=\"324\" style=\"\"><\/span><\/p>\n<p style=\"\">Mi chiamo Ana Maria Ghinet e sono ideatrice del <strong>Coaching Energetico\u00ae<\/strong> e della tecnica di <strong>Riprogrammazione Energetica del Punto Zero\u00ae<\/strong>. Ho tenuto corsi, convegni e seminari su tematiche olistiche in tutti i continenti del mondo, esclusi Australia e Antartide. Sono un Coach certificato SFERA e Trainer certificato presso la scuola di T Harv Eker. Sono la co-Fondatrice della Scuola di Coaching Energetico \u00ae e dell\u2019EnergetiClub, il primo ed unico Club online in cui trasformiamo la realt\u00e0 esteriore, riprogrammando l\u2019energia dentro.<\/p>\n<p style=\"\"><strong>Disclaimer<\/strong>: i siti, gli ebook, le email, gli audio e i video del circuito Lakshmi House parlano di argomenti che potrebbero non essere riconosciuti dalla scienza ufficiale. Nessuna delle informazioni riportate nel circuito Lakshmi House pu\u00f2 essere presa o interpretata come volont\u00e0 dell&#8217;autore o dell&#8217;editore di offrire consiglio medico o terapeutico. In caso di patologie o difficolt\u00e0 di qualsiasi tipo, sia fisico che psicologico, consigliamo di rivolgersi al proprio medico di fiducia. Il materiale del circuito Lakshmi House ha un valore meramente informativo, formativo e di intrattenimento: ogni ulteriore propriet\u00e0 che gli si voglia attribuire non \u00e8 voluto dall\u2019autore n\u00e9 dall\u2019editore. Il lettore si assume la responsabilit\u00e0 dell&#8217;uso delle informazioni riportate sui nostri siti, sollevando l&#8217;autore e l&#8217;editore da qualsiasi tipo di responsabilit\u00e0 diretta o indiretta verso se stessi o verso terzi. Lo stesso vale per il Coaching Energetico (R), le Riprogrammazioni Energetiche del Punto Zero (R) e ogni altra pratica energetica proposta nel circuito Lakshmi House.<\/p>\n<p style=\"\">Copyright 2020 &#8211; LakshmiHouse LtdMT20943929 &#8211; All Rights Reservedinfo[at]EnergetiCoach.com<\/p>\n","protected":false},"excerpt":{"rendered":"<p>Ti piacerebbe aumentare il tuo potere personale, la tua energia vitale ed acquisire una profonda fiducia in te stesso? Puoi farlo facilmente attraverso la riconnessione energetica con il Potere Divino che \u00e8 in te. A livello energetico questo accade immediatamente se lo permettiamo perch\u00e9 il canale di connessione ossia la vibrazione \u00e8 disponibile attraverso l\u2019energia [&hellip;]<\/p>\n","protected":false},"author":12,"featured_media":0,"parent":0,"menu_order":0,"comment_status":"closed","ping_status":"closed","template":"","meta":{"footnotes":""},"class_list":["post-4522","page","type-page","status-publish","hentry"],"yoast_head":"<!-- This site is optimized with the Yoast SEO plugin v27.5 - https:\/\/yoast.com\/product\/yoast-seo-wordpress\/ -->\n<title>Divine Power Activation TT - EnergetiCoach info<\/title>\n<meta name=\"robots\" content=\"index, follow, max-snippet:-1, max-image-preview:large, max-video-preview:-1\" \/>\n<link rel=\"canonical\" href=\"https:\/\/energeticoach.com\/info\/divinepoweractivation\/\" \/>\n<meta property=\"og:locale\" content=\"it_IT\" \/>\n<meta property=\"og:type\" content=\"article\" \/>\n<meta property=\"og:title\" content=\"Divine Power Activation TT - EnergetiCoach info\" \/>\n<meta property=\"og:description\" content=\"Ti piacerebbe aumentare il tuo potere personale, la tua energia vitale ed acquisire una profonda fiducia in te stesso? Puoi farlo facilmente attraverso la riconnessione energetica con il Potere Divino che \u00e8 in te. A livello energetico questo accade immediatamente se lo permettiamo perch\u00e9 il canale di connessione ossia la vibrazione \u00e8 disponibile attraverso l\u2019energia [&hellip;]\" \/>\n<meta property=\"og:url\" content=\"https:\/\/energeticoach.com\/info\/divinepoweractivation\/\" \/>\n<meta property=\"og:site_name\" content=\"EnergetiCoach info\" \/>\n<meta property=\"article:publisher\" content=\"https:\/\/www.facebook.com\/groups\/gruppo.coaching.energetico\" \/>\n<meta property=\"article:modified_time\" content=\"2021-01-07T17:21:54+00:00\" \/>\n<meta property=\"og:image\" content=\"https:\/\/energeticoach.com\/info\/wp-content\/uploads\/2020\/11\/DivinePowerActivationSocialShare.jpg\" \/>\n\t<meta property=\"og:image:width\" content=\"1200\" \/>\n\t<meta property=\"og:image:height\" content=\"630\" \/>\n\t<meta property=\"og:image:type\" content=\"image\/jpeg\" \/>\n<meta name=\"twitter:card\" content=\"summary_large_image\" \/>\n<meta name=\"twitter:site\" content=\"@energeticoach\" \/>\n<meta name=\"twitter:label1\" content=\"Tempo di lettura stimato\" \/>\n\t<meta name=\"twitter:data1\" content=\"4 minuti\" \/>\n<script type=\"application\/ld+json\" class=\"yoast-schema-graph\">{\"@context\":\"https:\\\/\\\/schema.org\",\"@graph\":[{\"@type\":\"WebPage\",\"@id\":\"https:\\\/\\\/energeticoach.com\\\/info\\\/divinepoweractivation\\\/\",\"url\":\"https:\\\/\\\/energeticoach.com\\\/info\\\/divinepoweractivation\\\/\",\"name\":\"Divine Power Activation TT - EnergetiCoach info\",\"isPartOf\":{\"@id\":\"https:\\\/\\\/energeticoach.com\\\/info\\\/#website\"},\"primaryImageOfPage\":{\"@id\":\"https:\\\/\\\/energeticoach.com\\\/info\\\/divinepoweractivation\\\/#primaryimage\"},\"image\":{\"@id\":\"https:\\\/\\\/energeticoach.com\\\/info\\\/divinepoweractivation\\\/#primaryimage\"},\"thumbnailUrl\":\"https:\\\/\\\/energeticoach.com\\\/info\\\/wp-content\\\/uploads\\\/2020\\\/06\\\/Banner_DivinePowerActivation.jpg\",\"datePublished\":\"2020-11-26T14:34:23+00:00\",\"dateModified\":\"2021-01-07T17:21:54+00:00\",\"breadcrumb\":{\"@id\":\"https:\\\/\\\/energeticoach.com\\\/info\\\/divinepoweractivation\\\/#breadcrumb\"},\"inLanguage\":\"it-IT\",\"potentialAction\":[{\"@type\":\"ReadAction\",\"target\":[\"https:\\\/\\\/energeticoach.com\\\/info\\\/divinepoweractivation\\\/\"]}]},{\"@type\":\"ImageObject\",\"inLanguage\":\"it-IT\",\"@id\":\"https:\\\/\\\/energeticoach.com\\\/info\\\/divinepoweractivation\\\/#primaryimage\",\"url\":\"https:\\\/\\\/energeticoach.com\\\/info\\\/wp-content\\\/uploads\\\/2020\\\/06\\\/Banner_DivinePowerActivation.jpg\",\"contentUrl\":\"https:\\\/\\\/energeticoach.com\\\/info\\\/wp-content\\\/uploads\\\/2020\\\/06\\\/Banner_DivinePowerActivation.jpg\",\"width\":980,\"height\":380},{\"@type\":\"BreadcrumbList\",\"@id\":\"https:\\\/\\\/energeticoach.com\\\/info\\\/divinepoweractivation\\\/#breadcrumb\",\"itemListElement\":[{\"@type\":\"ListItem\",\"position\":1,\"name\":\"Home\",\"item\":\"https:\\\/\\\/energeticoach.com\\\/info\\\/\"},{\"@type\":\"ListItem\",\"position\":2,\"name\":\"Divine Power Activation TT\"}]},{\"@type\":\"WebSite\",\"@id\":\"https:\\\/\\\/energeticoach.com\\\/info\\\/#website\",\"url\":\"https:\\\/\\\/energeticoach.com\\\/info\\\/\",\"name\":\"EnergetiCoach info\",\"description\":\"Riparti dal Punto Zero con la Guida del Cuore\",\"publisher\":{\"@id\":\"https:\\\/\\\/energeticoach.com\\\/info\\\/#organization\"},\"potentialAction\":[{\"@type\":\"SearchAction\",\"target\":{\"@type\":\"EntryPoint\",\"urlTemplate\":\"https:\\\/\\\/energeticoach.com\\\/info\\\/?s={search_term_string}\"},\"query-input\":{\"@type\":\"PropertyValueSpecification\",\"valueRequired\":true,\"valueName\":\"search_term_string\"}}],\"inLanguage\":\"it-IT\"},{\"@type\":\"Organization\",\"@id\":\"https:\\\/\\\/energeticoach.com\\\/info\\\/#organization\",\"name\":\"EnergetiCoach\",\"url\":\"https:\\\/\\\/energeticoach.com\\\/info\\\/\",\"logo\":{\"@type\":\"ImageObject\",\"inLanguage\":\"it-IT\",\"@id\":\"https:\\\/\\\/energeticoach.com\\\/info\\\/#\\\/schema\\\/logo\\\/image\\\/\",\"url\":\"https:\\\/\\\/energeticoach.com\\\/info\\\/wp-content\\\/uploads\\\/2017\\\/09\\\/Logo-EnergetiCoach_700.png\",\"contentUrl\":\"https:\\\/\\\/energeticoach.com\\\/info\\\/wp-content\\\/uploads\\\/2017\\\/09\\\/Logo-EnergetiCoach_700.png\",\"width\":700,\"height\":167,\"caption\":\"EnergetiCoach\"},\"image\":{\"@id\":\"https:\\\/\\\/energeticoach.com\\\/info\\\/#\\\/schema\\\/logo\\\/image\\\/\"},\"sameAs\":[\"https:\\\/\\\/www.facebook.com\\\/groups\\\/gruppo.coaching.energetico\",\"https:\\\/\\\/x.com\\\/energeticoach\",\"https:\\\/\\\/www.linkedin.com\\\/in\\\/ana-maria-ghinet-4496a438\\\/\",\"https:\\\/\\\/www.youtube.com\\\/user\\\/energeticoach\"]}]}<\/script>\n<!-- \/ Yoast SEO plugin. -->","yoast_head_json":{"title":"Divine Power Activation TT - EnergetiCoach info","robots":{"index":"index","follow":"follow","max-snippet":"max-snippet:-1","max-image-preview":"max-image-preview:large","max-video-preview":"max-video-preview:-1"},"canonical":"https:\/\/energeticoach.com\/info\/divinepoweractivation\/","og_locale":"it_IT","og_type":"article","og_title":"Divine Power Activation TT - EnergetiCoach info","og_description":"Ti piacerebbe aumentare il tuo potere personale, la tua energia vitale ed acquisire una profonda fiducia in te stesso? Puoi farlo facilmente attraverso la riconnessione energetica con il Potere Divino che \u00e8 in te. A livello energetico questo accade immediatamente se lo permettiamo perch\u00e9 il canale di connessione ossia la vibrazione \u00e8 disponibile attraverso l\u2019energia [&hellip;]","og_url":"https:\/\/energeticoach.com\/info\/divinepoweractivation\/","og_site_name":"EnergetiCoach info","article_publisher":"https:\/\/www.facebook.com\/groups\/gruppo.coaching.energetico","article_modified_time":"2021-01-07T17:21:54+00:00","og_image":[{"width":1200,"height":630,"url":"https:\/\/energeticoach.com\/info\/wp-content\/uploads\/2020\/11\/DivinePowerActivationSocialShare.jpg","type":"image\/jpeg"}],"twitter_card":"summary_large_image","twitter_site":"@energeticoach","twitter_misc":{"Tempo di lettura stimato":"4 minuti"},"schema":{"@context":"https:\/\/schema.org","@graph":[{"@type":"WebPage","@id":"https:\/\/energeticoach.com\/info\/divinepoweractivation\/","url":"https:\/\/energeticoach.com\/info\/divinepoweractivation\/","name":"Divine Power Activation TT - EnergetiCoach info","isPartOf":{"@id":"https:\/\/energeticoach.com\/info\/#website"},"primaryImageOfPage":{"@id":"https:\/\/energeticoach.com\/info\/divinepoweractivation\/#primaryimage"},"image":{"@id":"https:\/\/energeticoach.com\/info\/divinepoweractivation\/#primaryimage"},"thumbnailUrl":"https:\/\/energeticoach.com\/info\/wp-content\/uploads\/2020\/06\/Banner_DivinePowerActivation.jpg","datePublished":"2020-11-26T14:34:23+00:00","dateModified":"2021-01-07T17:21:54+00:00","breadcrumb":{"@id":"https:\/\/energeticoach.com\/info\/divinepoweractivation\/#breadcrumb"},"inLanguage":"it-IT","potentialAction":[{"@type":"ReadAction","target":["https:\/\/energeticoach.com\/info\/divinepoweractivation\/"]}]},{"@type":"ImageObject","inLanguage":"it-IT","@id":"https:\/\/energeticoach.com\/info\/divinepoweractivation\/#primaryimage","url":"https:\/\/energeticoach.com\/info\/wp-content\/uploads\/2020\/06\/Banner_DivinePowerActivation.jpg","contentUrl":"https:\/\/energeticoach.com\/info\/wp-content\/uploads\/2020\/06\/Banner_DivinePowerActivation.jpg","width":980,"height":380},{"@type":"BreadcrumbList","@id":"https:\/\/energeticoach.com\/info\/divinepoweractivation\/#breadcrumb","itemListElement":[{"@type":"ListItem","position":1,"name":"Home","item":"https:\/\/energeticoach.com\/info\/"},{"@type":"ListItem","position":2,"name":"Divine Power Activation TT"}]},{"@type":"WebSite","@id":"https:\/\/energeticoach.com\/info\/#website","url":"https:\/\/energeticoach.com\/info\/","name":"EnergetiCoach info","description":"Riparti dal Punto Zero con la Guida del Cuore","publisher":{"@id":"https:\/\/energeticoach.com\/info\/#organization"},"potentialAction":[{"@type":"SearchAction","target":{"@type":"EntryPoint","urlTemplate":"https:\/\/energeticoach.com\/info\/?s={search_term_string}"},"query-input":{"@type":"PropertyValueSpecification","valueRequired":true,"valueName":"search_term_string"}}],"inLanguage":"it-IT"},{"@type":"Organization","@id":"https:\/\/energeticoach.com\/info\/#organization","name":"EnergetiCoach","url":"https:\/\/energeticoach.com\/info\/","logo":{"@type":"ImageObject","inLanguage":"it-IT","@id":"https:\/\/energeticoach.com\/info\/#\/schema\/logo\/image\/","url":"https:\/\/energeticoach.com\/info\/wp-content\/uploads\/2017\/09\/Logo-EnergetiCoach_700.png","contentUrl":"https:\/\/energeticoach.com\/info\/wp-content\/uploads\/2017\/09\/Logo-EnergetiCoach_700.png","width":700,"height":167,"caption":"EnergetiCoach"},"image":{"@id":"https:\/\/energeticoach.com\/info\/#\/schema\/logo\/image\/"},"sameAs":["https:\/\/www.facebook.com\/groups\/gruppo.coaching.energetico","https:\/\/x.com\/energeticoach","https:\/\/www.linkedin.com\/in\/ana-maria-ghinet-4496a438\/","https:\/\/www.youtube.com\/user\/energeticoach"]}]}},"_links":{"self":[{"href":"https:\/\/energeticoach.com\/info\/wp-json\/wp\/v2\/pages\/4522","targetHints":{"allow":["GET"]}}],"collection":[{"href":"https:\/\/energeticoach.com\/info\/wp-json\/wp\/v2\/pages"}],"about":[{"href":"https:\/\/energeticoach.com\/info\/wp-json\/wp\/v2\/types\/page"}],"author":[{"embeddable":true,"href":"https:\/\/energeticoach.com\/info\/wp-json\/wp\/v2\/users\/12"}],"replies":[{"embeddable":true,"href":"https:\/\/energeticoach.com\/info\/wp-json\/wp\/v2\/comments?post=4522"}],"version-history":[{"count":0,"href":"https:\/\/energeticoach.com\/info\/wp-json\/wp\/v2\/pages\/4522\/revisions"}],"wp:attachment":[{"href":"https:\/\/energeticoach.com\/info\/wp-json\/wp\/v2\/media?parent=4522"}],"curies":[{"name":"wp","href":"https:\/\/api.w.org\/{rel}","templated":true}]}}